{"id":5642,"date":"2020-08-06T13:33:47","date_gmt":"2020-08-06T11:33:47","guid":{"rendered":"http:\/\/en.ish.si\/?page_id=5642"},"modified":"2020-08-06T13:33:47","modified_gmt":"2020-08-06T11:33:47","slug":"disertations-and-articles","status":"publish","type":"page","link":"https:\/\/en.ish.si\/?page_id=5642","title":{"rendered":"Disertations and articles"},"content":{"rendered":"[vc_row][vc_column][vc_column_text]\n<h2>Doctoral dissertations<\/h2>\n<table width=\"667\">\n<thead>\n<tr>\n<td width=\"112\"><strong>Author<\/strong><\/td>\n<td width=\"140\"><strong>Date of defence<\/strong><\/td>\n<td width=\"415\"><strong>Title of the doctoral dissertation (Slovenian \/ English)<\/strong><\/td>\n<\/tr>\n<\/thead>\n<tbody>\n<tr>\n<td width=\"112\">Kraner Kaja<\/td>\n<td width=\"140\">9 January 2020<\/td>\n<td width=\"415\"><a href=\"https:\/\/almamater.si\/upload\/userfiles\/files\/Dr_disertacije\/Kraner_Kaja_Disertacija.pdf\">Geopolitika umetnosti: primer paralelnega narativa<\/a> \/ The geopolitics of art: an example of a parallel narrative<\/td>\n<\/tr>\n<tr>\n<td width=\"112\">Kry\u017eanowski \u0160pela<\/td>\n<td width=\"140\">18 December 2019<\/td>\n<td width=\"415\"><a href=\"https:\/\/almamater.si\/upload\/userfiles\/files\/Dr_disertacije\/Spela_Kryzanowski_Disertacija.pdf\">Feng shui in apercepcija prostora: pregled znanstvenih prispevkov in terenska analiza u\u010dinkovitosti priporo\u010dil\/a&gt;<\/a> \/ Feng shui and the apperception of space: a review of scientific papers and a field analysis of the effectiveness of recommendations<\/td>\n<\/tr>\n<tr>\n<td width=\"112\">Pucelj Maja<\/td>\n<td width=\"140\">5 September 2019<\/td>\n<td width=\"415\"><a href=\"http:\/\/www.ish.si\/upload\/userfiles\/files\/Dr_disertacije\/Pucelj_Maja_Disertacija.pdf\">Islamofobija skozi prizmo sodobnih migracij<\/a> \/ Islamophobia through the prism of modern migrations<\/td>\n<\/tr>\n<tr>\n<td width=\"112\">Kreuh Nives<\/td>\n<td width=\"140\">19 August 2019<\/td>\n<td width=\"415\"><a href=\"http:\/\/www.ish.si\/upload\/userfiles\/files\/Dr_disertacije\/Kreuh_Nives_Disertacija.pdf\">Razvoj digitalne pismenosti u\u010diteljev v Sloveniji<\/a> \/ Development of digital literacy of teachers in Slovenia<\/td>\n<\/tr>\n<tr>\n<td width=\"112\">Isrow Zachary<\/td>\n<td width=\"140\">10 June 2019<\/td>\n<td width=\"415\">The Formulation of Humanness as Being-in-the-World \/ The Formulation of Humanness as Being-in-the-World<\/td>\n<\/tr>\n<tr>\n<td width=\"112\">Kandri\u010d Irena<\/td>\n<td width=\"140\">8 March 2018<\/td>\n<td width=\"415\"><a href=\"http:\/\/www.ish.si\/upload\/userfiles\/files\/Dr_disertacije\/Kandric_Irena_Disertacija.pdf\">Prostori mo\u010di: pokrajina SV Slovenije v okviru dru\u017ebene dialektike duhovnosti in zdravja<\/a> \/ Spaces of power: the landscape of NE Slovenia within the social dialectic of spirituality and health<\/td>\n<\/tr>\n<tr>\n<td width=\"112\">Bence Gorazd<\/td>\n<td width=\"140\">19 May 2017<\/td>\n<td width=\"415\"><a href=\"http:\/\/www.ish.si\/upload\/userfiles\/files\/Dr_disertacije\/Bence_Gorazd_Disertacija.pdf\">Donatorska podoba 14. in 15. stoletja na \u0160tajerskem: vizualizacija naro\u010dnikov v srednjeve\u0161kih sakralnih prostorih<\/a> \/ Donor image of the 14th and 15th centuries in Styria: visualization of clients in medieval sacral spaces<\/td>\n<\/tr>\n<tr>\n<td width=\"112\">Meh Peer Nata\u0161a<\/td>\n<td width=\"140\">30 August 2016<\/td>\n<td width=\"415\"><a href=\"http:\/\/www.ish.si\/upload\/userfiles\/files\/Dr_disertacije\/Meh_Peer_Natasa_Disertacija.pdf\">Identiteta mladostnikov v multietni\u010dnih razredih poklicne in tehni\u0161ke \u0161ole na \u0160olskem centru Velenje<\/a> \/ Identity of adolescents in multiethnic classes of vocational and technical schools at the Velenje School Center<\/td>\n<\/tr>\n<\/tbody>\n<\/table>\n[\/vc_column_text][\/vc_column][\/vc_row][vc_row][vc_column][vc_column_text]\n<h3>Published articles<\/h3>\n<table width=\"683\">\n<thead>\n<tr>\n<td width=\"112\"><strong>Author<\/strong><\/td>\n<td width=\"124\"><strong>Year of publication<\/strong><\/td>\n<td width=\"105\"><strong>Journal<\/strong><\/td>\n<td width=\"343\"><strong>Title of the article (Slovenian \/ English)<\/strong><\/td>\n<\/tr>\n<\/thead>\n<tbody>\n<tr>\n<td width=\"112\">Hawlina Maja<\/td>\n<td width=\"124\">2019<\/td>\n<td width=\"105\">Monitor ISH 21. 2 (2019): 123-144.<\/td>\n<td width=\"343\"><a href=\"http:\/\/www.ish.si\/upload\/userfiles\/files\/Dr_clanki\/24.pdf\">Urbane kriti\u010dne intervencije v prepletu javnega prostora in dru\u017ebe spektakla<\/a> \/ \/ Urban critical interventions in the intertwining of public space and spectacle society<\/td>\n<\/tr>\n<tr>\n<td width=\"112\">Kry\u017eanowski \u0160pela<\/td>\n<td width=\"124\">2019<\/td>\n<td width=\"105\">Urbani izziv 30. 2 (2019): 59-69.<\/td>\n<td width=\"343\"><a href=\"https:\/\/www.almamater.si\/upload\/userfiles\/files\/Dr_clanki\/urbani-izziv-2019-30-02-06.pdf\">Primerjalna analiza med izbranimi priporo\u010dili fengshuijske \u0161ole oblike, jezikom vzorcev Alexandra in sodelavcev ter spoznanji okoljske psihologije<\/a> \/ Comparative analysis between selected recommendations of the Feng Shui school of design, the language of samples of Alexander and colleagues and the findings of environmental psychology<\/td>\n<\/tr>\n<tr>\n<td width=\"112\">Pav\u0161i\u010d Jerica<\/td>\n<td width=\"124\">2019<\/td>\n<td width=\"105\">Monitor ISH 21. 1 (2019)<\/td>\n<td width=\"343\"><a href=\"http:\/\/www.ish.si\/?page_id=5867\">Upodobitve generala Maistra v ilustriranih pripovedih za mladino<\/a> \/ Depictions of General Maister in illustrated narratives for youth<\/td>\n<\/tr>\n<tr>\n<td width=\"112\">Petrovi\u0107 Jesenovec Borut<\/td>\n<td width=\"124\">2019<\/td>\n<td width=\"105\">Monitor ISH 21. 1 (2019)<\/td>\n<td width=\"343\"><a href=\"http:\/\/www.ish.si\/?page_id=5867\">Vzpostavitev komunisti\u010dnega totalitarnega re\u017eima \u2013 primerjava med prevzemom oblasti v Rusiji oktobra 1917 in v Sloveniji februarja 1943<\/a> \/ The establishment of the communist totalitarian regime &#8211; a comparison between the takeover of power in Russia in October 1917 and in Slovenia in February 1943<\/td>\n<\/tr>\n<tr>\n<td width=\"112\">\u010cakali\u010d Ale\u0161<\/td>\n<td width=\"124\">2019<\/td>\n<td width=\"105\">\u010casopis za kritiko znanosti 47. 277 (2019): 203-225.<\/td>\n<td width=\"343\"><a href=\"http:\/\/www.ish.si\/?page_id=5867\">Kozmopolitski humanizem v filmih hrva\u0161kega re\u017eiserja Daliborja Matani\u0107a<\/a> \/ Cosmopolitan humanism in the films of Croatian director Dalibor Matani\u0107<\/td>\n<\/tr>\n<tr>\n<td width=\"112\">Navernik Ignac<\/td>\n<td width=\"124\">2018<\/td>\n<td width=\"105\">Poligrafi 23. 89\/90 (2018): 75-98.<\/td>\n<td width=\"343\"><a href=\"http:\/\/www.ish.si\/upload\/userfiles\/files\/Dr_clanki\/23.pdf\">Cerkev kot globalni sindikat ubogih: Teolo\u0161ka izhodi\u0161\u010da<\/a> \/ The Church as a Global Trade Union of the Poor: Theological Backgrounds<\/td>\n<\/tr>\n<tr>\n<td width=\"112\">Kraner Kaja<\/td>\n<td width=\"124\">2018<\/td>\n<td width=\"105\">\u010casopis za kritiko znanosti 46. 272 (2018): 42-61.<\/td>\n<td width=\"343\"><a href=\"https:\/\/www.almamater.si\/upload\/userfiles\/files\/Dr_clanki\/020.pdf\">Ambivalentna vloga sodobne umetnosti in nevladne sfere<\/a> \/ The ambivalent role of contemporary art and the non-governmental sphere<\/td>\n<\/tr>\n<tr>\n<td width=\"112\">Kraner Kaja<\/td>\n<td width=\"124\">2018<\/td>\n<td width=\"105\">\u010casopis za kritiko znanosti 46. 272 (2018): 15-30.<\/td>\n<td width=\"343\"><a href=\"https:\/\/www.almamater.si\/upload\/userfiles\/files\/Dr_clanki\/019.pdf\">Kulturna politika kot tehnologija vladanja : med gospodarsko in socialno politiko<\/a> \/ Cultural policy as a technology of governance: between economic and social policy<\/td>\n<\/tr>\n<tr>\n<td width=\"112\">Kotnik Julija<\/td>\n<td width=\"124\">2018<\/td>\n<td width=\"105\">Monitor ISH 20. 2 (2018): 71-93.<\/td>\n<td width=\"343\"><a href=\"http:\/\/www.ish.si\/upload\/userfiles\/files\/Dr_clanki\/006.pdf\">Vpliv filma na dojemanje posameznika<\/a> \/ The influence of film on the perception of the individual<\/td>\n<\/tr>\n<tr>\n<td width=\"112\">Jovan Ne\u017eka<\/td>\n<td width=\"124\">2018<\/td>\n<td width=\"105\">Monitor ISH 20. 2 (2018): 95-113.<\/td>\n<td width=\"343\"><a href=\"http:\/\/www.ish.si\/upload\/userfiles\/files\/Dr_clanki\/007.pdf\">Teorije iger z gledi\u0161\u010da ludisti\u010dnih praks<\/a> \/ Game theories from the standpoint of ludicrous practices<\/td>\n<\/tr>\n<tr>\n<td width=\"112\">Isrow Zachary<\/td>\n<td width=\"124\">2017<\/td>\n<td width=\"105\">Journal of Arts and Humanities 6. 6 (2017): 84-94.<\/td>\n<td width=\"343\"><a href=\"http:\/\/www.ish.si\/upload\/userfiles\/files\/Dr_clanki\/004.pdf\">Defining Art and Its Future<\/a><\/td>\n<\/tr>\n<tr>\n<td width=\"112\">Pucelj Maja<\/td>\n<td width=\"124\">2017<\/td>\n<td width=\"105\">Poligrafi 22. 85-86 (2017): 155-174.<\/td>\n<td width=\"343\"><a href=\"http:\/\/www.ish.si\/upload\/userfiles\/files\/Dr_clanki\/005.pdf\">Islamophobia and Xenophobia in Slovenia Through the Eyes of Covered Muslim Women\u00a0<\/a>\/ Islamophobia and Xenophobia in Slovenia Through the Eyes of Covered Muslim Women<\/td>\n<\/tr>\n<tr>\n<td width=\"112\">Kandri\u010d Irena<\/td>\n<td width=\"124\">2016<\/td>\n<td width=\"105\">Bogoslovni vestnik 76. 1 (2016): 165 &#8211; 175.<\/td>\n<td width=\"343\"><a href=\"http:\/\/www.ish.si\/upload\/userfiles\/files\/Dr_clanki\/002.pdf\">Ptujska Gora: komparacija slovenskega romarskega kraja s Fartacekovim modelom konstrukcije svetega prostora<\/a> \/ Ptujska Gora: a comparison of a Slovenian pilgrimage site with Fartacek&#8217;s model of the construction of a sacred space<\/td>\n<\/tr>\n<tr>\n<td width=\"112\">Kreuh Nives<\/td>\n<td width=\"124\">2015<\/td>\n<td width=\"105\">Vzgoja in izobra\u017eevanje 66. 2-3 (2015): 29-35.<\/td>\n<td width=\"343\"><a href=\"http:\/\/www.ish.si\/upload\/userfiles\/files\/Dr_clanki\/001.pdf\">Na poti k e-kompetentni \u0161oli preko E-\u0161olstva, E-u\u010dbenikov in e-\u0160olske torbe<\/a> \/ On the way to an e-competent school through E-schooling, E-textbooks and e-School bags<\/td>\n<\/tr>\n<\/tbody>\n<\/table>\n[\/vc_column_text][\/vc_column][\/vc_row]\n","protected":false},"excerpt":{"rendered":"<p>[vc_row][vc_column][vc_column_text] Doctoral dissertations Author Date of defence Title of the doctoral dissertation (Slovenian \/ English) Kraner Kaja 9 January 2020 Geopolitika umetnosti: primer paralelnega narativa \/ The geopolitics of art: an example of a parallel narrative Kry\u017eanowski \u0160pela 18 December 2019 Feng shui in apercepcija prostora: pregled znanstvenih prispevkov in terenska analiza u\u010dinkovitosti priporo\u010dil\/a&gt; \/ [&hellip;]<\/p>\n","protected":false},"author":2,"featured_media":0,"parent":0,"menu_order":0,"comment_status":"closed","ping_status":"closed","template":"","meta":{"footnotes":""},"_links":{"self":[{"href":"https:\/\/en.ish.si\/index.php?rest_route=\/wp\/v2\/pages\/5642"}],"collection":[{"href":"https:\/\/en.ish.si\/index.php?rest_route=\/wp\/v2\/pages"}],"about":[{"href":"https:\/\/en.ish.si\/index.php?rest_route=\/wp\/v2\/types\/page"}],"author":[{"embeddable":true,"href":"https:\/\/en.ish.si\/index.php?rest_route=\/wp\/v2\/users\/2"}],"replies":[{"embeddable":true,"href":"https:\/\/en.ish.si\/index.php?rest_route=%2Fwp%2Fv2%2Fcomments&post=5642"}],"version-history":[{"count":1,"href":"https:\/\/en.ish.si\/index.php?rest_route=\/wp\/v2\/pages\/5642\/revisions"}],"predecessor-version":[{"id":5643,"href":"https:\/\/en.ish.si\/index.php?rest_route=\/wp\/v2\/pages\/5642\/revisions\/5643"}],"wp:attachment":[{"href":"https:\/\/en.ish.si\/index.php?rest_route=%2Fwp%2Fv2%2Fmedia&parent=5642"}],"curies":[{"name":"wp","href":"https:\/\/api.w.org\/{rel}","templated":true}]}}