{"id":3593,"date":"2016-06-23T07:23:02","date_gmt":"2016-06-23T06:23:02","guid":{"rendered":"http:\/\/en.ish.si\/page\/?page_id=3593"},"modified":"2016-06-23T19:28:44","modified_gmt":"2016-06-23T18:28:44","slug":"zbirka-ekskurzi","status":"publish","type":"page","link":"https:\/\/en.ish.si\/?page_id=3593","title":{"rendered":"Zbirka Ekskurzi"},"content":{"rendered":"[vc_row][vc_column width=&#8221;1\/4&#8243;][vc_single_image image=&#8221;3776&#8243; img_size=&#8221;medium&#8221;][\/vc_column][vc_column width=&#8221;3\/4&#8243;][vc_column_text]\n<p align=\"justify\"><strong><span style=\"color: #000000;\">RENATA \u0160RIBAR, TADEJ PRAPROTNIK: POLITIKE VSEBIN<\/span><\/strong><\/p>\n<p align=\"justify\"><span style=\"color: #000000;\"><strong>Renata \u0160ribar, Tadej Praprotnik, Politike vsebin. <\/strong>Avdiovizualni mediji in informacijsko-komunikacijske tehnologije (IKT) z vidika za\u0161\u010dite otrok in mladoletnih, <em>Institutum Studiorum Humanitatis<\/em>, <em>Fakulteta za podiplomski humanisti\u010dni \u0161tudij, Zbirka Ekskurzi, ISBN 978-961-6192-44-6, Ljubljana 2009, 150 strani.<\/em><\/span><\/p>\n<p align=\"justify\"><span style=\"color: #000000;\">Knjiga Politike vsebin tematizira upravljanje vsebin tradicionalnih in t. i. novih medijev, ki sodijo v register za\u0161\u010dite otrok in mladoletnih. V ospredju problematike sta konstrukciji pornografske seksualnosti in nasilja, njuna obravnava pa je geografsko zamejena na Slovenijo in EU. Novost knjige je predvsem v podrobnem pregledu polpreteklih in aktualnih dogajanj v Sloveniji na tem podro\u010dju in v predstavitvi nizozemske koregulativne institucije, ki v EU velja za primer dobre prakse.<br \/>\nRenata \u0160ribar na primerih upravljanja vsebin na televiziji, mobilnih portalih in v ogla\u0161evanju poka\u017ee na perfidna, z vidika demokrati\u010dnosti nekonstruktivna razmerja med dr\u017eavnimi regulatorji in industrijo ter stroko. V detajlnih, tako reko\u010d detektivskih opisih in analizah je mo\u017eno zaslediti mesta v dru\u017ebeni strukturi, ki so ni\u0161e malverzacij z ob\u010de priznanimi humanisti\u010dnimi vrednotami. V sklepnem delu raziskovalka predstavi strate\u0161ka izhodi\u0161\u010da za prenovo medijske zakonodaje v obravnavanem segmentu.<\/span><\/p>\n<p align=\"justify\"><span style=\"color: #000000;\">Tadej Praprotnik predstavi normativne okvire koregulacijske prakse, kot jih uporabljajo nekatere evropske dr\u017eave. Konkretni primeri uspe\u0161ne koregulacije zagotavljajo resni\u010den prispevek k razumevanju problematike in so mi\u0161ljeni kot motivacija, da se tudi v Sloveniji pri\u010dnejo resnej\u0161i vsebinski premiki v smeri odgovorne za\u0161\u010dite otrok in mladoletnih pred potencialno \u0161kodljivimi medijskimi vsebinami in vsebinami IKT.<\/span><\/p>\n[\/vc_column_text][\/vc_column][\/vc_row][vc_row][vc_column][vc_separator][\/vc_column][\/vc_row][vc_row][vc_column width=&#8221;1\/4&#8243;][vc_single_image image=&#8221;3780&#8243; img_size=&#8221;medium&#8221;][\/vc_column][vc_column width=&#8221;3\/4&#8243;][vc_column_text]<span style=\"color: #000000;\"><strong>ALJA ADAM idr.: \u017dENSKE NA ROBU<\/strong><\/span><\/p>\n<p>Alja Adam idr., \u017denske na robu, ISH, zbirka Ekskurzi, 164 strani, Ljubljana 2009, ISBN 978-961-6192-43-9, cena: 15 evrov<\/p>\n<p>Knjiga \u017denske na robu je nastala ob zavedanju, da kljub sicer\u0161njemu poudarjanju enakopravnosti med spoloma ta enakopravnost pogosto obstaja zgolj na na\u010delni ravni. \u0160e vedno lahko namre\u010d najdemo dru\u017ebenokulturne prostore in kontekste delovanja, v katerih je \u017eenska postavljena v ozadje in je njena pozicija zaradi njene biologije druga\u010dna ali celo manj vredna kot pozicija mo\u0161kega. Avtorice zato v svojih prispevkih pod \u017earomet postavljajo \u017eenske usode, ki so (bile) pogosto potisnjene v senco. Prispevki, ki se osredoto\u010dajo na \u017eivljenjske izku\u0161nje razli\u010dnih \u017eensk, od ljubimk, redovnic in zapornic do cirku\u0161kih artistk in popotnic, razkrivajo intimno sfero do\u017eivljanja lastnega spola in telesa ter raznovrstne dru\u017ebene odzive in poglede, ki nastajajo na podlagi tega spola. Vsem prispevkom je kljub njihovi raznolikosti skupno, da orisujejo \u017eenske, ki delujejo v tradicionalno mo\u0161kih sferah. Ali pa zato postajajo manj \u017eenske in podobnej\u0161e svojim mo\u0161kim kolegom? Ali pa jih njihova hoja po robu pravzaprav krepi in vzpostavlja kot enakovrednej\u0161e in bolj emancipirane?[\/vc_column_text][\/vc_column][\/vc_row]\n","protected":false},"excerpt":{"rendered":"<p>[vc_row][vc_column width=&#8221;1\/4&#8243;][vc_single_image image=&#8221;3776&#8243; img_size=&#8221;medium&#8221;][\/vc_column][vc_column width=&#8221;3\/4&#8243;][vc_column_text] RENATA \u0160RIBAR, TADEJ PRAPROTNIK: POLITIKE VSEBIN Renata \u0160ribar, Tadej Praprotnik, Politike vsebin. Avdiovizualni mediji in informacijsko-komunikacijske tehnologije (IKT) z vidika za\u0161\u010dite otrok in mladoletnih, Institutum Studiorum Humanitatis, Fakulteta za podiplomski humanisti\u010dni \u0161tudij, Zbirka Ekskurzi, ISBN 978-961-6192-44-6, Ljubljana 2009, 150 strani. Knjiga Politike vsebin tematizira upravljanje vsebin tradicionalnih in t. i. [&hellip;]<\/p>\n","protected":false},"author":1,"featured_media":0,"parent":3591,"menu_order":0,"comment_status":"closed","ping_status":"closed","template":"","meta":{"footnotes":""},"_links":{"self":[{"href":"https:\/\/en.ish.si\/index.php?rest_route=\/wp\/v2\/pages\/3593"}],"collection":[{"href":"https:\/\/en.ish.si\/index.php?rest_route=\/wp\/v2\/pages"}],"about":[{"href":"https:\/\/en.ish.si\/index.php?rest_route=\/wp\/v2\/types\/page"}],"author":[{"embeddable":true,"href":"https:\/\/en.ish.si\/index.php?rest_route=\/wp\/v2\/users\/1"}],"replies":[{"embeddable":true,"href":"https:\/\/en.ish.si\/index.php?rest_route=%2Fwp%2Fv2%2Fcomments&post=3593"}],"version-history":[{"count":6,"href":"https:\/\/en.ish.si\/index.php?rest_route=\/wp\/v2\/pages\/3593\/revisions"}],"predecessor-version":[{"id":3781,"href":"https:\/\/en.ish.si\/index.php?rest_route=\/wp\/v2\/pages\/3593\/revisions\/3781"}],"up":[{"embeddable":true,"href":"https:\/\/en.ish.si\/index.php?rest_route=\/wp\/v2\/pages\/3591"}],"wp:attachment":[{"href":"https:\/\/en.ish.si\/index.php?rest_route=%2Fwp%2Fv2%2Fmedia&parent=3593"}],"curies":[{"name":"wp","href":"https:\/\/api.w.org\/{rel}","templated":true}]}}