{"id":3437,"date":"2016-06-22T16:53:00","date_gmt":"2016-06-22T15:53:00","guid":{"rendered":"http:\/\/en.ish.si\/page\/?page_id=3437"},"modified":"2020-08-06T11:25:47","modified_gmt":"2020-08-06T09:25:47","slug":"diplomanti-institutum-studiorum-humanitatis","status":"publish","type":"page","link":"https:\/\/en.ish.si\/?page_id=3437","title":{"rendered":"Graduates of AMEU \u2013 ISH"},"content":{"rendered":"[vc_row][vc_column][vc_accordion collapsible=&#8221;yes&#8221;][vc_accordion_tab title=&#8221;Year 2020 (XVI. generation)&#8221;][vc_column_text]dr. Kaja Kraner[\/vc_column_text][\/vc_accordion_tab][vc_accordion_tab title=&#8221;Year 2019 (XV. generation)&#8221;][vc_column_text]dr. Isrow Zachary<br \/>\ndr. Kreuh Nives<br \/>\ndr. Pucelj Maja<br \/>\ndr. Kry\u017eanowski \u0160pela[\/vc_column_text][\/vc_accordion_tab][vc_accordion_tab title=&#8221;Year 2018 (XIV. generation)&#8221;][vc_column_text]dr. Kandri\u010d Irena[\/vc_column_text][\/vc_accordion_tab][vc_accordion_tab title=&#8221;Year 2017 (XIII. generation)&#8221;][vc_column_text]dr. Gorazd Bence[\/vc_column_text][\/vc_accordion_tab][vc_accordion_tab title=&#8221;Year 2016 (XII. generation)&#8221;][vc_column_text]dr. Nejra Nuna \u010cengi\u0107<\/p>\n<p>dr. Maja Gutman<\/p>\n<p>dr. Andreja Hribernik<\/p>\n<p>dr. Luna Juran\u010di\u010d \u0160ribar<\/p>\n<p>dr. Julija Kotnik<\/p>\n<p>dr. Ines Markov\u010di\u010d<\/p>\n<p>dr. Nata\u0161a Meh Peer<\/p>\n<p>dr. Damjana Pondelek<\/p>\n<p>dr. Alma Maru\u0161ka Sedlar<\/p>\n<p>dr. Lidija Strmecki<\/p>\n<p>dr. Marija Tom\u0161i\u010d<\/p>\n<p>dr. Peter Urek<\/p>\n<p>&nbsp;<\/p>\n<p>mag. Igor Berginc<\/p>\n<p>mag. Ana Bo\u017ei\u010d<\/p>\n<p>mag. Damjan Damjanovi\u0107<\/p>\n<p>mag. Ne\u017ea Jovan<\/p>\n<p>mag. Damjana Jurman<\/p>\n<p>mag. Borut Petrovi\u0107 Jesenovec[\/vc_column_text][\/vc_accordion_tab][vc_accordion_tab title=&#8221;Year 2015 (XI. generation)&#8221;][vc_column_text]dr. Maja Krajnc<\/p>\n<p>mag. Jerica Pav\u0161i\u010d[\/vc_column_text][\/vc_accordion_tab][vc_accordion_tab title=&#8221;Year 2014 (X. generation)&#8221;][vc_column_text]<span style=\"color: #000000;\">dr. Svjetlana Jankovi\u0107 Paus<br \/>\ndr.\u00a0Mina Mu\u0161inovi\u0107<br \/>\ndr.\u00a0Slobodan Karamani\u0107<br \/>\ndr.\u00a0Marina Mate\u0161i\u0107<br \/>\ndr.\u00a0Ariana Volari\u0107<br \/>\ndr.\u00a0Nadia Suzana Seaptefrati<br \/>\ndr.\u00a0Nata\u0161a Ivanovi\u0107<br \/>\ndr.\u00a0Igor Bijukli\u010d<br \/>\ndr.\u00a0Sla\u0111ana Mitrovi\u0107<br \/>\ndr.\u00a0Robert Inhof<br \/>\ndr.\u00a0Sandra Bel\u0161ak<br \/>\ndr.\u00a0Zdravko Zupan\u010di\u010d<br \/>\ndr.\u00a0Mladen Uhlik<\/span><span style=\"color: #800080;\"><strong><br \/>\n<\/strong><span style=\"color: #000000;\">mag. Jasna Matajec<br \/>\nmag.\u00a0Bernarda Poto\u010dnik<br \/>\nmag.\u00a0Ivana Mandari\u0107<br \/>\nmag.\u00a0Tatjana Rijavec<\/span><\/span><span style=\"text-decoration: underline;\"><span style=\"color: #800080;\"><strong><br \/>\n<\/strong><\/span><\/span>[\/vc_column_text][\/vc_accordion_tab][vc_accordion_tab title=&#8221;Year 2013 (IX. generation)&#8221;][vc_column_text]<span style=\"color: #060606;\">dr. Mojca CAJNKO<br \/>\nmag. \u017diga \u010cAMERNIK<br \/>\ndr. Jo\u017ee HREN<br \/>\nmag. Irma HUS<br \/>\ndr. Silvestra KLEMEN\u010cI\u010c<br \/>\nmag. Neva NAHTIGAL<br \/>\nmag. Polona OZBI\u010c<br \/>\ndr. Rok PODKRAJ\u0160EK<br \/>\ndr. Slavi\u0161a RAKOVI\u0106<br \/>\nmag. Aleksandra SAKSIDA<br \/>\nmag. Svetlana SAVI\u0106<br \/>\ndr. Nata\u0161a SMOLI\u010c<br \/>\ndr. Mojca \u0160AUPERL<br \/>\ndr. Karmen \u0160PILJAK<br \/>\ndr. Bojan VARJA\u010cI\u010c RAJKO<br \/>\nmag. Rajka VIGNJEVI\u0106 PUPOVAC<br \/>\nmag. Bernardka \u017dUPANEK<\/span>[\/vc_column_text][\/vc_accordion_tab][vc_accordion_tab title=&#8221;Year 2011 (VIII. generation)&#8221;][vc_column_text]<span style=\"color: #000000;\">mag. Bojan ANDJELKOVI\u0106<br \/>\ndr. Ivanka APOSTOLOVA<br \/>\nmag. Katja ARZEN\u0160EK<br \/>\ndr. Maja BOGOJEVI\u0106<br \/>\ndr. Sanja \u0110URIN<br \/>\nmag. Ana FRANK<br \/>\ndr. Petja GRAFENAUER<br \/>\nmag. Tea HVALA<br \/>\ndr. Eva KLEMEN\u010cI\u010c<br \/>\nmag. Jasmina KOZINA<br \/>\ndr. Miha MAZZINI<br \/>\nmag. Petra MIKULAN<br \/>\nmag. Marijana MITROVI\u0106<br \/>\nmag. Ne\u017ea PERKO<br \/>\nmag. Lidija RADOJEVI\u0106<br \/>\nmag. Tatjana SEDLAR<br \/>\ndr. Aleksandra STANKOVI\u0106<br \/>\ndr. Neboj\u0161a \u0160AVIJA VALHA<br \/>\ndr. Andrej \u0160PRAH<br \/>\nmag. Vesna VRAVNIK<\/span>[\/vc_column_text][\/vc_accordion_tab][vc_accordion_tab title=&#8221;Year 2008 (VI. generation)&#8221;][vc_column_text]<span style=\"color: #000000;\">mag. Natali BO\u017dI\u010c<br \/>\nmag. Marija DIMITRIJEVI\u0106<br \/>\nmag. Vesna DROLE<br \/>\nmag. Kristina EGUMENOVSKA<br \/>\nmag. Rolanda FUGGER GERMADNIK<br \/>\nmag. Mi\u0161a GAMS<br \/>\ndr. Bojana GLOBA\u010cNIK<br \/>\nmag. Eva HASSL<br \/>\nmag. Darja HOENIGMAN<br \/>\ndr. Martin JAIGMA<br \/>\ndr. Aleksej KALC<br \/>\ndr. Boris KAVUR<br \/>\ndr. Ieva LAURAITYTE<br \/>\nmag. Neva MARN<br \/>\nmag. Tatjana MARVIN<br \/>\nmag. Ale\u0161a MIHELI\u010c<br \/>\nmag. Anita MIKULI\u010c<br \/>\nmag. Tanja NADU<br \/>\nmag. Silva NEME\u0160<br \/>\nmag. Tamara OGOREVC<br \/>\nmag. Tanja PETROVI\u010c<br \/>\ndr. Marko PRPI\u010c<br \/>\nmag. Simona RAKU\u0160A<br \/>\nmag. Katja ROV\u0160EK NIKITOVI\u010c<br \/>\nmag. Maja ROZMAN<br \/>\ndr. Lada STEVANOVI\u0106<br \/>\nmag. Neboj\u0161a \u0160AVIJA VALHA<br \/>\nmag. Dra\u017een \u0160UMIGA<br \/>\nmag. Dean \u0160U\u0160MELJ<br \/>\nmag. Janja \u0160U\u0160MELJ<br \/>\ndr. Maja \u0160U\u0160TAR\u0160I\u010c<br \/>\ndr. Marjan TO\u0160<br \/>\nmag. Drago ZALAR<br \/>\nmag. Franc ZLATAR<br \/>\ndr. Biljana \u017dIKI\u0106<\/span>[\/vc_column_text][\/vc_accordion_tab][vc_accordion_tab title=&#8221;Year 2006 (V. generation)&#8221;][vc_column_text]<span style=\"color: #000000;\">mag. Ksenija BERK<br \/>\ndr. Mirza Hasan \u0106EMAN<br \/>\nmag. Sanja \u0110URIN<br \/>\ndr. Andreja ER\u017dEN<br \/>\nmag. Matic KORUN<br \/>\nmag. Sta\u0161a KOZMI<br \/>\ndr. Ga\u0161per KRALJ<br \/>\ndr. Vlasta MEDEN KLAVORA<br \/>\ndr. Tanja PETROVI\u0106<br \/>\nmag. Marko PRPI\u010c<br \/>\ndr. Nata\u0161a ROGELJA<br \/>\nmag. Sa\u0161a \u0160AVEL<br \/>\ndr. Lynette \u0160IKI\u0106 MI\u0106ANOVI\u0106<br \/>\nmag. Branko \u0160KERJANC<br \/>\ndr. Renata \u0160RIBAR<br \/>\nmag. Helena T\u00dcRK<br \/>\ndr. Nina VODOPIVEC<br \/>\ndr. Ana VOGRIN\u010cI\u010c<br \/>\ndr. Matej VRANJE\u0160<br \/>\ndr. Natalija VRE\u010cER<br \/>\nmag. Sa\u0161a ZLATKOVSKI<br \/>\nmag. Marina Barbara \u017dLENDER<\/span>[\/vc_column_text][\/vc_accordion_tab][vc_accordion_tab title=&#8221;Year 2004 (IV. generation)&#8221;][vc_column_text]<span style=\"color: #000000;\">mag. Goranka BLAGUS BARTOLEC<br \/>\ndr. Nina \u010cENGI\u0106<br \/>\nmag. Du\u0161an DVOR\u0160\u010cAK<br \/>\nmag. Nata\u0161a GREGORI\u010c<br \/>\ndr. Hajrudin HROMAD\u017dI\u0106<br \/>\nmag. Katarina JAKOPI\u010c<br \/>\ndr. Vladislav KOTNIK<br \/>\nmag. Zdenka KRISTAN<br \/>\nmag. Jerca LEGAN<br \/>\nmag. Vilma MALE\u010cKAR<br \/>\ndr. Sabina MIHELJ<br \/>\nmag. Marko SAVI\u0106<br \/>\ndr. Gregor STARC<br \/>\ndr. Maja SUN\u010cI\u010c<br \/>\nmag. Suzana TRATNIK<\/span>[\/vc_column_text][\/vc_accordion_tab][vc_accordion_tab title=&#8221;Year 2003 (III. generation)&#8221;][vc_column_text]<span style=\"color: #000000;\">mag. Andreja ER\u017dEN<br \/>\nmag. Bojana GLOBA\u010cNIK<br \/>\ndr. Karmen MEDICA<br \/>\ndr. Marjeta MIKU\u017d<br \/>\nmag. Mitja SARDO\u010c<br \/>\nmag. Gregor STARC<br \/>\nmag. Martin \u017dU\u017dEK<\/span>[\/vc_column_text][\/vc_accordion_tab][vc_accordion_tab title=&#8221;Year 2001 (II. generation)&#8221;][vc_column_text]<span style=\"color: #000000;\">dr. Alja BRGLEZ<br \/>\ndr. Alenka JANKO SPREIZER<br \/>\ndr. Tanja MASTNAK<br \/>\nmag. Rezka OSREDKAR<br \/>\nmag. Nevenka PODGORNIK<br \/>\ndr. Tadej PRAPROTNIK<br \/>\ndr. Darja \u0160TERBENC<\/span>[\/vc_column_text][\/vc_accordion_tab][vc_accordion_tab title=&#8221;Year 2000 (I. generation)&#8221;][vc_column_text]<span style=\"color: #000000;\">dr. Du\u0161anka KNE\u017dEVI\u010c HO\u010cEVAR<br \/>\nmag. Ivica PLETIKOSI\u0106<br \/>\nmag. Tadej PRAPROTNIK<br \/>\nmag. Andrej RUPNIK<br \/>\nmag. Lynette \u0160IKI\u0106 MI\u0106ANOVI\u0106<br \/>\nmag. Suzana \u0160TULAR<br \/>\nmag. Petra VIDEM\u0160EK<br \/>\ndr. Tomislav VIGNJEVI\u0106<br \/>\ndr. Melita ZAJC<\/span>[\/vc_column_text][\/vc_accordion_tab][\/vc_accordion][\/vc_column][vc_column][\/vc_column][\/vc_row]\n","protected":false},"excerpt":{"rendered":"<p>[vc_row][vc_column][vc_accordion collapsible=&#8221;yes&#8221;][vc_accordion_tab title=&#8221;Year 2020 (XVI. generation)&#8221;][vc_column_text]dr. Kaja Kraner[\/vc_column_text][\/vc_accordion_tab][vc_accordion_tab title=&#8221;Year 2019 (XV. generation)&#8221;][vc_column_text]dr. Isrow Zachary dr. Kreuh Nives dr. Pucelj Maja dr. Kry\u017eanowski \u0160pela[\/vc_column_text][\/vc_accordion_tab][vc_accordion_tab title=&#8221;Year 2018 (XIV. generation)&#8221;][vc_column_text]dr. Kandri\u010d Irena[\/vc_column_text][\/vc_accordion_tab][vc_accordion_tab title=&#8221;Year 2017 (XIII. generation)&#8221;][vc_column_text]dr. Gorazd Bence[\/vc_column_text][\/vc_accordion_tab][vc_accordion_tab title=&#8221;Year 2016 (XII. generation)&#8221;][vc_column_text]dr. Nejra Nuna \u010cengi\u0107 dr. Maja Gutman dr. Andreja Hribernik dr. Luna Juran\u010di\u010d \u0160ribar dr. Julija Kotnik [&hellip;]<\/p>\n","protected":false},"author":1,"featured_media":0,"parent":3506,"menu_order":0,"comment_status":"closed","ping_status":"closed","template":"","meta":{"footnotes":""},"_links":{"self":[{"href":"https:\/\/en.ish.si\/index.php?rest_route=\/wp\/v2\/pages\/3437"}],"collection":[{"href":"https:\/\/en.ish.si\/index.php?rest_route=\/wp\/v2\/pages"}],"about":[{"href":"https:\/\/en.ish.si\/index.php?rest_route=\/wp\/v2\/types\/page"}],"author":[{"embeddable":true,"href":"https:\/\/en.ish.si\/index.php?rest_route=\/wp\/v2\/users\/1"}],"replies":[{"embeddable":true,"href":"https:\/\/en.ish.si\/index.php?rest_route=%2Fwp%2Fv2%2Fcomments&post=3437"}],"version-history":[{"count":20,"href":"https:\/\/en.ish.si\/index.php?rest_route=\/wp\/v2\/pages\/3437\/revisions"}],"predecessor-version":[{"id":5627,"href":"https:\/\/en.ish.si\/index.php?rest_route=\/wp\/v2\/pages\/3437\/revisions\/5627"}],"up":[{"embeddable":true,"href":"https:\/\/en.ish.si\/index.php?rest_route=\/wp\/v2\/pages\/3506"}],"wp:attachment":[{"href":"https:\/\/en.ish.si\/index.php?rest_route=%2Fwp%2Fv2%2Fmedia&parent=3437"}],"curies":[{"name":"wp","href":"https:\/\/api.w.org\/{rel}","templated":true}]}}