{"id":4282,"date":"2016-07-13T12:03:43","date_gmt":"2016-07-13T10:03:43","guid":{"rendered":"http:\/\/en.ish.si\/page\/?page_id=4282"},"modified":"2017-05-03T14:49:27","modified_gmt":"2017-05-03T12:49:27","slug":"poskotki","status":"publish","type":"page","link":"http:\/\/en.ish.si\/?page_id=4282","title":{"rendered":"Obvestilo o pi\u0161kotkih"},"content":{"rendered":"<p><strong>Razkritje rabe pi\u0161kotkov (cookies)<\/strong><br \/>\nSpletna stran www.ish.si za svoje nemoteno delovanje uporablja t. i. pi\u0161kotke (cookies). To so datoteke, ki se odlagajo na napravi uporabnika, s katero ta dostopa do spletnega portala. Z njimi se na uporabnikovi napravi hranijo unikatni podatki o uporabniku oziroma nastavitve, ki si jih je na posameznem spletnem mestu izbral.<\/p>\n<p><strong>Kaj so pi\u0161kotki?<\/strong><br \/>\nPi\u0161kotki so male besedilne datoteke, ki jih ve\u010dina spletnih mest shrani v naprave, s katerimi uporabniki dostopajo do interneta, z namenom prepoznavanja posameznih naprav, ki so jih uporabniki uporabili pri dostopu. Njihovo shranjevanje je pod popolnim nadzorom brskalnika, ki ga ima uporabnik &#8211; ta lahko shranjevanje pi\u0161kotkov po \u017eelji omeji ali onemogo\u010di.<\/p>\n<p><strong>Kaj pi\u0161kotki po\u010dnejo?<\/strong><br \/>\nUporaba spletnih pi\u0161kotkov je v spletni produkciji obi\u010dajna in za\u017eelena. Z njo je namre\u010d omogo\u010dena vi\u0161ja raven storitev, kot so shranjevanje potrdila o registraciji, uporaba spletne trgovine, prepre\u010devanje pretiranega prikazovanja oglasnih pasic in podobno. Brez uporabe pi\u0161kotkov tudi ne bi bilo mogo\u010de meriti obiskanosti spletnih strani. Pi\u0161kotki so temeljnega pomena za zagotavljanje do uporabnika prijaznih spletnih storitev. Interakcija med spletnim uporabnikom in spletnim mestom je zaradi njih hitrej\u0161a in enostavnej\u0161a. Z njihovo pomo\u010djo si spletno mesto zapomni posameznikove preference in izku\u0161nje, s tem je prihranjen \u010das, brskanje po spletnih mestih pa je bolj u\u010dinkovito in prijazno.<\/p>\n<p><strong>Nekaj konkretnih primerov uporabe pi\u0161kotkov:<\/strong><br \/>\n&#8211; za bolj\u0161o uporabni\u0161ko izku\u0161njo spletne strani obiskovalcem prilagodimo prikaz vsebine glede na pretekle obiske,<br \/>\n&#8211; za shranjevanje izbire pri ustvarjanju o\u017ejega izbora in ponudbe ter njihove primerjave,<br \/>\n&#8211; na delih spletnih mest, kjer je potrebna prijava, vas ohranimo prijavljene,<br \/>\n&#8211; za prepoznavanje va\u0161e naprave (ra\u010dunalnik, tablica, mobitel), ki omogo\u010da prilagajanje prikaza vsebine va\u0161i napravi,<br \/>\n&#8211; za spremljanje obiska, kar omogo\u010da preverjanje u\u010dinkovitosti prikaza vsebin in ustreznosti oglasov ter nenehno izbolj\u0161avo spletnih strani,<br \/>\n&#8211; za delovanje dolo\u010denih storitev so nujni (npr. spletne banke, spletne trgovine in druge oblike e-poslovanja &#8230;).<\/p>\n<p><strong>Kako upravljati pi\u0161kotke?<\/strong><br \/>\nUporabnik v vsakem \u010dasu ohranja popoln nadzor nad pi\u0161kotki, saj jih lahko kadarkoli izbri\u0161e, omeji ali povsem onemogo\u010di. Navodila, kako to stori, se razlikujejo od naprave do naprave in so na voljo na doma\u010di strani posameznega proizvajalca programske opreme. Vi torej odlo\u010dite, ali boste dovolili shranjevanje pi\u0161kotkov na svoji napravi. Nastavitve zanje lahko nadzirate in spreminjate v svojem spletnem brskalniku:<\/p>\n<p><a href=\"https:\/\/support.google.com\/chrome\/answer\/95647?hl=sl-sl&amp;p=cpn_cookies\">Chrome<\/a><br \/>\n<a href=\"https:\/\/support.mozilla.org\/sl\/kb\/kako-omogocite-onemogocite-piskote-v-katerih-splet?redirectlocale=sl&amp;redirectslug=Kako+aktivirate+in+deaktivirate+pi%C5%A1kote\">Firefox<\/a><br \/>\n<a href=\"http:\/\/windows.microsoft.com\/sl-si\/windows7\/how-to-manage-cookies-in-internet-explorer-9\">Internet Explorer 9<\/a><br \/>\n<a href=\"http:\/\/windows.microsoft.com\/sl-si\/windows-vista\/block-or-allow-cookies\">Internet Explorer 7 in 8<\/a><br \/>\n<a href=\"http:\/\/www.opera.com\/help\/tutorials\/security\/cookies\/\">Opera (stran je v angle\u0161kem jeziku)<\/a><br \/>\n<a href=\"http:\/\/support.apple.com\/kb\/PH11913\">Safari (stran v angle\u0161kem jeziku)<\/a><\/p>\n<p>Pi\u0161kotki torej niso ni\u010d novega, vsi obiskovalci spletnih strani imamo na svojih ra\u010dunalnikih, tablicah, mobitelih shranjenih \u017ee veliko pi\u0161kotkov z razli\u010dnih spletnih strani. Novo je zgolj to, da z zakonodajo (<a href=\"http:\/\/www.uradni-list.si\/1\/content?id=111442\">ZEKom-1<\/a>) nastajajo spremembe pri obve\u0161\u010danju oz. sogla\u0161anju obiskovalcev z njihovo uporabo. \u010ce pi\u0161kotke izklju\u010dite, so lahko nekatere mo\u017enosti spletne strani onemogo\u010dene.<\/p>\n<p><strong>Odlo\u010ditev je va\u0161a, vendar imajo pi\u0161kotki svoj namen<\/strong><br \/>\n\u010ce boste soglasje za pi\u0161kotke dali, pa si boste kasneje premislili, boste morali ponastaviti svojo odlo\u010ditev tako, da boste pi\u0161kotke izbrisali (navodila, kako to storiti za va\u0161 brskalnik, so objavljena na povezavi na tej strani zgoraj). Po izbrisu boste ponovno dobili obvestilo, ali \u017eelite pi\u0161kotke. Prav tako vam bodo dru\u017ebena omre\u017eja Facebook, Google-+ in Twitter pi\u0161kotke name\u0161\u010dala glede na to, ali ste v njihovo storitev prijavljeni. Upravljanje njihovih pi\u0161kotkov je urejeno s pogoji sodelovanja, ki ste jih uporabniki teh omre\u017eij sprejeli ob registraciji.<\/p>\n<p><strong>Katere pi\u0161kotke uporabljamo?<\/strong><br \/>\nSpletna stran www.ish.si uporablja dolo\u010dene nujno potrebne pi\u0161kotke, da si zapomni va\u0161o prijavo, olaj\u0161a vnos komentarjev in podobno. Spletna stran www.ish.si uporablja izvedbene pi\u0161kotke Google Analytics izklju\u010dno za namen statistike obiska in izbolj\u0161anja uporabni\u0161ke izku\u0161nje oz. izbolj\u0161avo spletnega mesta. V primeru preiskovanja uporabljamo generiran WordPress-ov iskalnik, ki uporablja izvedbeni pi\u0161kotek, kjer hrani uporabni\u0161ke nastavitve iskanja. Za spremljanje u\u010dinkovitosti in statistike predvajanja vstavljenih video posnetkov se uporabljajo ciljni pi\u0161kotki omre\u017eja YouTube.com. Za prikaz objav na profilu Twitter se uporabljajo ciljni pi\u0161kotki omre\u017eja Twitter.com. Za prikaz objav na Facebook strani se uporabljajo ciljni pi\u0161kotki omre\u017eja Facebook.com.<\/p>\n","protected":false},"excerpt":{"rendered":"<p>Razkritje rabe pi\u0161kotkov (cookies) Spletna stran www.ish.si za svoje nemoteno delovanje uporablja t. i. pi\u0161kotke (cookies). To so datoteke, ki se odlagajo na napravi uporabnika, s katero ta dostopa do spletnega portala. Z njimi se na uporabnikovi napravi hranijo unikatni podatki o uporabniku oziroma nastavitve, ki si jih je na posameznem spletnem mestu izbral. Kaj [&hellip;]<\/p>\n","protected":false},"author":1,"featured_media":0,"parent":0,"menu_order":0,"comment_status":"closed","ping_status":"closed","template":"","meta":{"footnotes":""},"_links":{"self":[{"href":"http:\/\/en.ish.si\/index.php?rest_route=\/wp\/v2\/pages\/4282"}],"collection":[{"href":"http:\/\/en.ish.si\/index.php?rest_route=\/wp\/v2\/pages"}],"about":[{"href":"http:\/\/en.ish.si\/index.php?rest_route=\/wp\/v2\/types\/page"}],"author":[{"embeddable":true,"href":"http:\/\/en.ish.si\/index.php?rest_route=\/wp\/v2\/users\/1"}],"replies":[{"embeddable":true,"href":"http:\/\/en.ish.si\/index.php?rest_route=%2Fwp%2Fv2%2Fcomments&post=4282"}],"version-history":[{"count":8,"href":"http:\/\/en.ish.si\/index.php?rest_route=\/wp\/v2\/pages\/4282\/revisions"}],"predecessor-version":[{"id":4954,"href":"http:\/\/en.ish.si\/index.php?rest_route=\/wp\/v2\/pages\/4282\/revisions\/4954"}],"wp:attachment":[{"href":"http:\/\/en.ish.si\/index.php?rest_route=%2Fwp%2Fv2%2Fmedia&parent=4282"}],"curies":[{"name":"wp","href":"https:\/\/api.w.org\/{rel}","templated":true}]}}